{"id":100000000,"date":"2018-05-07T11:27:08","date_gmt":"2018-05-07T11:27:08","guid":{"rendered":"https:\/\/aardvark.ghostpool.com\/elearn\/?page_id=4"},"modified":"2025-09-05T16:14:34","modified_gmt":"2025-09-05T21:14:34","slug":"home-elearn","status":"publish","type":"page","link":"https:\/\/maestrobursatil.com\/corporativo\/","title":{"rendered":"Home"},"content":{"rendered":"<div class=\"wpb-content-wrapper\"><p>[vc_row][vc_column][vc_column_text][layerslider_vc id=&#8221;gp-elearn-slider&#8221;][layerslider_vc id=&#8221;gp-elearn-mobile-slider&#8221;][\/vc_column_text][\/vc_column][\/vc_row][vc_row css=&#8221;.vc_custom_1525873724431{padding-top: 60px !important;padding-bottom: 60px !important;}&#8221;][vc_column][vc_column_text]<\/p>\n<h2 class=\"text-2-xs\" style=\"text-align: center;\">Aprender con Maestro es muy f\u00e1cil<\/h2>\n<p style=\"text-align: center;\">Normalmente si has llegado hasta aqu\u00ed es porque ya estas vinculado, pero si a\u00fan no lo estas sigue los siguientes pasos.<\/p>\n<p>[\/vc_column_text][vc_row_inner][vc_column_inner width=&#8221;1\/3&#8243;][vc_single_image image=&#8221;100003553&#8243; img_size=&#8221;275&#215;275&#8243; alignment=&#8221;center&#8221;][vc_column_text]<\/p>\n<h3 style=\"text-align: center;\">Reg\u00edstrate e Ingresa<\/h3>\n<p style=\"text-align: center;\">Accede con tu correo corporativo, o recupera tu contrase\u00f1a haciendo click en &#8220;Ingresar&#8221;<\/p>\n<p>[\/vc_column_text][\/vc_column_inner][vc_column_inner width=&#8221;1\/3&#8243;][vc_single_image image=&#8221;100003554&#8243; img_size=&#8221;275&#215;275&#8243; alignment=&#8221;center&#8221;][vc_column_text]<\/p>\n<h3 style=\"text-align: center;\">Busca<\/h3>\n<p style=\"text-align: center;\">Elige tu entidad e ingresa la clave (esta es distinta a la de login), busca el curso que deseas iniciar.<\/p>\n<p>[\/vc_column_text][\/vc_column_inner][vc_column_inner width=&#8221;1\/3&#8243;][vc_single_image image=&#8221;100003558&#8243; img_size=&#8221;275&#215;275&#8243; alignment=&#8221;center&#8221;][vc_column_text]<\/p>\n<h3 style=\"text-align: center;\">Selecciona<\/h3>\n<p style=\"text-align: center;\">Haz click en &#8220;Iniciar Curso&#8221; y comienza a aprender con los profesionales. No olvides que todos nuestros cursos tienen preguntas tipo quiz.<\/p>\n<p>[\/vc_column_text][\/vc_column_inner][\/vc_row_inner][\/vc_column][\/vc_row][vc_row full_width=&#8221;stretch_row&#8221; css=&#8221;.vc_custom_1525873862054{padding-top: 60px !important;padding-bottom: 60px !important;background-color: #f4f7f8 !important;}&#8221;][vc_column][vc_column_text]<\/p>\n<h2 class=\"text-3-xs\" style=\"text-align: center;\">Las entidades que han confiado en nosotros<\/h2>\n<p>[\/vc_column_text][vc_row_inner][vc_column_inner width=&#8221;1\/4&#8243;][vc_single_image image=&#8221;100003561&#8243; img_size=&#8221;full&#8221; alignment=&#8221;center&#8221; onclick=&#8221;custom_link&#8221; link=&#8221;https:\/\/maestrobursatil.com\/corporativo\/cursos-banco-popular\/&#8221;][vc_empty_space][vc_single_image image=&#8221;100007009&#8243; img_size=&#8221;full&#8221; alignment=&#8221;center&#8221; onclick=&#8221;custom_link&#8221; link=&#8221;https:\/\/maestrobursatil.com\/corporativo\/curso-win-sports\/&#8221;][\/vc_column_inner][vc_column_inner width=&#8221;1\/4&#8243;][vc_single_image image=&#8221;100007777&#8243; img_size=&#8221;full&#8221; alignment=&#8221;center&#8221; onclick=&#8221;custom_link&#8221; link=&#8221;https:\/\/maestrobursatil.com\/corporativo\/cursos-itau\/&#8221;][vc_empty_space][\/vc_column_inner][vc_column_inner width=&#8221;1\/4&#8243;][vc_single_image image=&#8221;100003562&#8243; img_size=&#8221;full&#8221; alignment=&#8221;center&#8221; onclick=&#8221;custom_link&#8221; css=&#8221;&#8221; link=&#8221;https:\/\/maestrobursatil.com\/corporativo\/cursos-bancolombia\/&#8221;][\/vc_column_inner][vc_column_inner width=&#8221;1\/4&#8243;][vc_single_image image=&#8221;100003564&#8243; img_size=&#8221;full&#8221; alignment=&#8221;center&#8221; onclick=&#8221;custom_link&#8221; link=&#8221;https:\/\/maestrobursatil.com\/corporativo\/cursos-fidupopular\/&#8221;][vc_empty_space][vc_single_image image=&#8221;100017059&#8243; img_size=&#8221;full&#8221; alignment=&#8221;center&#8221; onclick=&#8221;custom_link&#8221; css=&#8221;&#8221; link=&#8221;https:\/\/maestrobursatil.com\/corporativo\/curso\/introduccion-al-mercado-de-capitalesduplicado&#8221; bb_tab_container=&#8221;&#8221;][\/vc_column_inner][\/vc_row_inner][\/vc_column][\/vc_row][vc_row disable_element=&#8221;yes&#8221; css=&#8221;.vc_custom_1628193972587{padding-top: 60px !important;padding-bottom: 60px !important;}&#8221;][vc_column][vc_column_text]<\/p>\n<h2 class=\"text-3-xs\" style=\"text-align: center;\">Cursos disponibles para todas las entidades<\/h2>\n<p>[\/vc_column_text][vc_masonry_media_grid gap=&#8221;30&#8243; grid_id=&#8221;vc_gid:1757105637932-551c35be-2263-6&#8243; include=&#8221;100003500,100003147,100003102,100003069,100002928,100000981,100000196,100000979&#8243;][\/vc_column][\/vc_row]<\/p>\n<\/div>","protected":false},"excerpt":{"rendered":"<p>[vc_row][vc_column][vc_column_text][layerslider_vc id=&#8221;gp-elearn-slider&#8221;][layerslider_vc id=&#8221;gp-elearn-mobile-slider&#8221;][\/vc_column_text][\/vc_column][\/vc_row][vc_row css=&#8221;.vc_custom_1525873724431{padding-top: 60px !important;padding-bottom: 60px !important;}&#8221;][vc_column][vc_column_text] Aprender con Maestro es muy f\u00e1cil Normalmente si has llegado hasta aqu\u00ed es porque ya estas vinculado, pero si a\u00fan no lo estas sigue los siguientes pasos. [\/vc_column_text][vc_row_inner][vc_column_inner width=&#8221;1\/3&#8243;][vc_single_image image=&#8221;100003553&#8243; img_size=&#8221;275&#215;275&#8243; alignment=&#8221;center&#8221;][vc_column_text] Reg\u00edstrate e Ingresa Accede con tu correo corporativo, o recupera tu contrase\u00f1a haciendo click en [&hellip;]<\/p>\n","protected":false},"author":1,"featured_media":0,"parent":0,"menu_order":0,"comment_status":"closed","ping_status":"closed","template":"homepage-template.php","meta":{"footnotes":""},"class_list":["post-100000000","page","type-page","status-publish"],"_links":{"self":[{"href":"https:\/\/maestrobursatil.com\/corporativo\/wp-json\/wp\/v2\/pages\/100000000","targetHints":{"allow":["GET"]}}],"collection":[{"href":"https:\/\/maestrobursatil.com\/corporativo\/wp-json\/wp\/v2\/pages"}],"about":[{"href":"https:\/\/maestrobursatil.com\/corporativo\/wp-json\/wp\/v2\/types\/page"}],"author":[{"embeddable":true,"href":"https:\/\/maestrobursatil.com\/corporativo\/wp-json\/wp\/v2\/users\/1"}],"replies":[{"embeddable":true,"href":"https:\/\/maestrobursatil.com\/corporativo\/wp-json\/wp\/v2\/comments?post=100000000"}],"version-history":[{"count":35,"href":"https:\/\/maestrobursatil.com\/corporativo\/wp-json\/wp\/v2\/pages\/100000000\/revisions"}],"predecessor-version":[{"id":100017076,"href":"https:\/\/maestrobursatil.com\/corporativo\/wp-json\/wp\/v2\/pages\/100000000\/revisions\/100017076"}],"wp:attachment":[{"href":"https:\/\/maestrobursatil.com\/corporativo\/wp-json\/wp\/v2\/media?parent=100000000"}],"curies":[{"name":"wp","href":"https:\/\/api.w.org\/{rel}","templated":true}]}}